{"id":37,"date":"2015-05-19T13:50:17","date_gmt":"2015-05-19T13:50:17","guid":{"rendered":"http:\/\/exposec.tmp.br\/16\/?page_id=37"},"modified":"2021-04-19T18:16:40","modified_gmt":"2021-04-19T18:16:40","slug":"venue-and-date","status":"publish","type":"page","link":"https:\/\/feiraecoenergy.com.br\/16\/en\/venue-and-date\/","title":{"rendered":"Venue and Date"},"content":{"rendered":"<section id=\"bt_section69fcfdd7c1731\"  class=\"boldSection inherit\" ><div class=\"port\"><div class=\"boldCell\"><div class=\"boldCellInner\"><div class=\"boldRow \" ><div class=\"boldRowInner\"><div class=\"rowItem col-md-12 col-ms-12  btTextCenter inherit\"  ><div class=\"rowItemContent\" ><div class=\"bt_bb_separator_v2 bt_bb_border_style_none bt_bb_top_spacing_medium bt_bb_icon_size_normal bt_bb_text_size_normal bt_bb_separator_v2_without_content\" data-bt-override-class=\"null\"><div class=\"bt_bb_separator_v2_inner\"><span class=\"bt_bb_separator_v2_inner_before\"><\/span><span class=\"bt_bb_separator_v2_inner_content\"><span  data-ico-=\"&#038;#x;\" class=\"bt_bb_icon_holder\"><\/span><\/span><span class=\"bt_bb_separator_v2_inner_after\"><\/span><\/div><\/div><header class=\"header btClear large btDash bottomDash  btNormalDash\" ><div class=\"dash\"><h2><span class=\"headline\">Venue <b class=\"animate\">and Date<\/b><\/span><\/h2><\/div><\/header><div class=\"btClear btSeparator bottomSmallSpaced noBorder\" ><hr><\/div><\/div><\/div><\/div><\/div><\/div><\/div><\/div><\/section><section id=\"bt_section69fcfdd7c1aac\"  class=\"boldSection gutter inherit\" ><div class=\"port\"><div class=\"boldCell\"><div class=\"boldCellInner\"><div class=\"boldRow \" ><div class=\"boldRowInner\"><div class=\"rowItem col-md-12 col-ms-12  btTextCenter inherit\"  ><div class=\"rowItemContent\" ><div class=\"btText\" ><p style=\"text-align: justify; font-size: 17px;\"><strong>Date:<\/strong> June 07 to 09, 2022<\/p>\n<p style=\"text-align: justify; font-size: 17px;\"><strong>Time:<\/strong>\u00a0from 1pm to 8pm<\/p>\n<p style=\"text-align: justify; font-size: 17px;\"><strong>Venue:<\/strong> S\u00e3o Paulo Expo Exhibition &amp; Convention Center<\/p>\n<p style=\"text-align: justify; font-size: 17px;\"><strong>Address:<\/strong>\u00a0Rodovia dos Imigrantes, KM 1.5 \u2013 \u00c1gua Funda, S\u00e3o Paulo \u2013 SP, 04329-100<\/p>\n<p style=\"text-align: justify; font-size: 17px;\"><strong>Free\u00a0Transfer:<\/strong>\u00a0Check the place and times of matches near the date of the event.<\/p>\n<p style=\"text-align: justify; font-size: 17px;\"><strong>Frequency:\u00a0<\/strong>Yearly<\/p>\n<p style=\"text-align: justify; font-size: 17px;\"><strong>Parking:<\/strong>\u00a0The S\u00e3o Paulo Expo Exhibition &amp; Convention Center has a parking for over 4,200 vehicles. Check prices and opening hours on the site\u00a0<a href=\"http:\/\/www.saopauloexpo.com.br\/\" target=\"_blank\" rel=\"noopener noreferrer\">www.saopauloexpo.com.br<\/a><\/p>\n<p style=\"text-align: justify; font-size: 17px;\"><strong>Regular taxi:<\/strong><\/p>\n<p style=\"text-align: justify; font-size: 17px;\">Congonhas Airport &#8211; S\u00e3o Paulo Expo Exhibition Center:\u00a0<a href=\"http:\/\/www.tarifadetaxi.com\/sao-paulo?from=Av. Washington Lu\u00eds, s\/n\u00ba - Vila Congonhas, S\u00e3o Paulo - SP, 04626-911, Brasil @-23.6273246,-46.6565842&amp;to=S\u00e3o Paulo Expo%3A Rod. dos Imigrantes, 1 - Parque do Estado - Parque do Estado, S\u00e3o Paulo - SP, 04329-100, Brasil @-23.64363,-46.62957&amp;start_loc=-23.627116,-46.659381&amp;end_loc=-23.643548,-46.630279&amp;auto=1&amp;waypoints=\" target=\"_blank\" rel=\"noopener noreferrer\">(See values)<br \/>\n<\/a>Guarulhos Airport &#8211; S\u00e3o Paulo Expo Exhibition Center:\u00a0<a href=\"http:\/\/www.tarifadetaxi.com\/sao-paulo?from=Rod. H\u00e9lio Smidt, s\/n\u00ba - Cumbica, Guarulhos - SP, 07190-100, Brasil @-23.4345529,-46.478125999999975&amp;to=S\u00e3o Paulo Expo%3A Rod. dos Imigrantes, 1 - Parque do Estado - Parque do Estado, S\u00e3o Paulo - SP, 04329-100, Brasil @-23.64363,-46.62957&amp;start_loc=-23.440257,-46.479113&amp;end_loc=-23.643548,-46.630279&amp;auto=1&amp;waypoints=-23.546049,-46.599178\" target=\"_blank\" rel=\"noopener noreferrer\">(See values)<br \/>\n<\/a>* The above prices are subject to change and are not the responsibility of Cipa Fiera Milano.<\/p>\n<\/div><div class=\"bt_bb_separator_v2 bt_bb_border_style_none bt_bb_top_spacing_normal bt_bb_icon_size_normal bt_bb_text_size_normal bt_bb_separator_v2_without_content\" data-bt-override-class=\"null\"><div class=\"bt_bb_separator_v2_inner\"><span class=\"bt_bb_separator_v2_inner_before\"><\/span><span class=\"bt_bb_separator_v2_inner_content\"><span  data-ico-=\"&#038;#x;\" class=\"bt_bb_icon_holder\"><\/span><\/span><span class=\"bt_bb_separator_v2_inner_after\"><\/span><\/div><\/div><\/div><\/div><\/div><\/div><\/div><\/div><\/div><\/section><section id=\"bt_section69fcfdd7c1edb\"  class=\"boldSection bottomSmallSpaced inherit\" ><div class=\"port\"><div class=\"boldCell\"><div class=\"boldCellInner\"><div class=\"boldRow \" ><div class=\"boldRowInner\"><div class=\"rowItem col-md-12 col-ms-12  btTextCenter inherit\"  ><div class=\"rowItemContent\" ><div class=\"btClear btSeparator bottomSemiSpaced noBorder\" ><hr><\/div><header class=\"header btClear medium  btAccentDash\" ><div class=\"dash\"><h3><span class=\"headline\">Ensure your participation at this important industry event.<\/span><\/h3><\/div><\/header><a href=\"https:\/\/feiraecoenergy.com.br\/16\/en\/registration\/\" class=\"btBtn btBtn btnFilledStyle btnAccentColor btnBig btnNormalWidth btnLeftPosition btnIco\"  target=\"_blank\"><span class=\"btnInnerText\">Free Pre-Registration<\/span><span class=\"btIco \" ><span  data-ico-fa=\"&#xf101;\" class=\"btIcoHolder\"><em><\/em><\/span><\/span><\/a><\/div><\/div><\/div><\/div><\/div><\/div><\/div><\/section><section id=\"bt_section69fcfdd7c2681\"  class=\"boldSection gutter inherit\" ><div class=\"port\"><div class=\"boldCell\"><div class=\"boldCellInner\"><div class=\"boldRow \" ><div class=\"boldRowInner\"><div class=\"rowItem col-md-12 col-ms-12  btTextCenter inherit\"  ><div class=\"rowItemContent\" ><div class=\"bt_bb_separator_v2 bt_bb_border_style_none bt_bb_top_spacing_normal bt_bb_icon_size_normal bt_bb_text_size_normal bt_bb_separator_v2_without_content\" data-bt-override-class=\"null\"><div class=\"bt_bb_separator_v2_inner\"><span class=\"bt_bb_separator_v2_inner_before\"><\/span><span class=\"bt_bb_separator_v2_inner_content\"><span  data-ico-=\"&#038;#x;\" class=\"bt_bb_icon_holder\"><\/span><\/span><span class=\"bt_bb_separator_v2_inner_after\"><\/span><\/div><\/div><div class=\"bt_bb_raw_content\"><iframe style=\"border: 0;\" src=\"https:\/\/www.google.com\/maps\/embed?pb=!1m18!1m12!1m3!1d3654.903545660531!2d-46.6317586845626!3d-23.643625070521594!2m3!1f0!2f0!3f0!3m2!1i1024!2i768!4f13.1!3m3!1m2!1s0x94ce5b2052bc9357%3A0x7e553095224981f7!2sS%C3%A3o+Paulo+Expo!5e0!3m2!1spt-BR!2sbr!4v1487870379068\" width=\"900\" height=\"350\" frameborder=\"0\"><\/iframe><\/div><\/div><\/div><\/div><\/div><\/div><\/div><\/div><\/section>","protected":false},"excerpt":{"rendered":"","protected":false},"author":3,"featured_media":0,"parent":0,"menu_order":0,"comment_status":"closed","ping_status":"closed","template":"","meta":{"_mi_skip_tracking":false},"yoast_head":"<!-- This site is optimized with the Yoast SEO plugin v18.1 - https:\/\/yoast.com\/wordpress\/plugins\/seo\/ -->\n<title>Venue and Date - Ecoenergy<\/title>\n<meta name=\"robots\" content=\"index, follow, max-snippet:-1, max-image-preview:large, max-video-preview:-1\" \/>\n<link rel=\"canonical\" href=\"https:\/\/feiraecoenergy.com.br\/16\/en\/venue-and-date\/\" \/>\n<meta property=\"og:locale\" content=\"pt_BR\" \/>\n<meta property=\"og:type\" content=\"article\" \/>\n<meta property=\"og:title\" content=\"Venue and Date - Ecoenergy\" \/>\n<meta property=\"og:url\" content=\"https:\/\/feiraecoenergy.com.br\/16\/en\/venue-and-date\/\" \/>\n<meta property=\"og:site_name\" content=\"Ecoenergy\" \/>\n<meta property=\"article:modified_time\" content=\"2021-04-19T18:16:40+00:00\" \/>\n<meta name=\"twitter:card\" content=\"summary\" \/>\n<meta name=\"twitter:label1\" content=\"Est. tempo de leitura\" \/>\n\t<meta name=\"twitter:data1\" content=\"4 minutos\" \/>\n<script type=\"application\/ld+json\" class=\"yoast-schema-graph\">{\"@context\":\"https:\/\/schema.org\",\"@graph\":[{\"@type\":\"WebSite\",\"@id\":\"https:\/\/feiraecoenergy.com.br\/16\/en\/#website\",\"url\":\"https:\/\/feiraecoenergy.com.br\/16\/en\/\",\"name\":\"Ecoenergy\",\"description\":\"International Fair and Congress of Clean and Renewable Technologies for Energy Generation\",\"potentialAction\":[{\"@type\":\"SearchAction\",\"target\":{\"@type\":\"EntryPoint\",\"urlTemplate\":\"https:\/\/feiraecoenergy.com.br\/16\/en\/?s={search_term_string}\"},\"query-input\":\"required name=search_term_string\"}],\"inLanguage\":\"pt-BR\"},{\"@type\":\"WebPage\",\"@id\":\"https:\/\/feiraecoenergy.com.br\/16\/en\/venue-and-date\/#webpage\",\"url\":\"https:\/\/feiraecoenergy.com.br\/16\/en\/venue-and-date\/\",\"name\":\"Venue and Date - Ecoenergy\",\"isPartOf\":{\"@id\":\"https:\/\/feiraecoenergy.com.br\/16\/en\/#website\"},\"datePublished\":\"2015-05-19T13:50:17+00:00\",\"dateModified\":\"2021-04-19T18:16:40+00:00\",\"breadcrumb\":{\"@id\":\"https:\/\/feiraecoenergy.com.br\/16\/en\/venue-and-date\/#breadcrumb\"},\"inLanguage\":\"pt-BR\",\"potentialAction\":[{\"@type\":\"ReadAction\",\"target\":[\"https:\/\/feiraecoenergy.com.br\/16\/en\/venue-and-date\/\"]}]},{\"@type\":\"BreadcrumbList\",\"@id\":\"https:\/\/feiraecoenergy.com.br\/16\/en\/venue-and-date\/#breadcrumb\",\"itemListElement\":[{\"@type\":\"ListItem\",\"position\":1,\"name\":\"In\u00edcio\",\"item\":\"https:\/\/feiraecoenergy.com.br\/16\/en\/\"},{\"@type\":\"ListItem\",\"position\":2,\"name\":\"Venue and Date\"}]}]}<\/script>\n<!-- \/ Yoast SEO plugin. -->","yoast_head_json":{"title":"Venue and Date - Ecoenergy","robots":{"index":"index","follow":"follow","max-snippet":"max-snippet:-1","max-image-preview":"max-image-preview:large","max-video-preview":"max-video-preview:-1"},"canonical":"https:\/\/feiraecoenergy.com.br\/16\/en\/venue-and-date\/","og_locale":"pt_BR","og_type":"article","og_title":"Venue and Date - Ecoenergy","og_url":"https:\/\/feiraecoenergy.com.br\/16\/en\/venue-and-date\/","og_site_name":"Ecoenergy","article_modified_time":"2021-04-19T18:16:40+00:00","twitter_card":"summary","twitter_misc":{"Est. tempo de leitura":"4 minutos"},"schema":{"@context":"https:\/\/schema.org","@graph":[{"@type":"WebSite","@id":"https:\/\/feiraecoenergy.com.br\/16\/en\/#website","url":"https:\/\/feiraecoenergy.com.br\/16\/en\/","name":"Ecoenergy","description":"International Fair and Congress of Clean and Renewable Technologies for Energy Generation","potentialAction":[{"@type":"SearchAction","target":{"@type":"EntryPoint","urlTemplate":"https:\/\/feiraecoenergy.com.br\/16\/en\/?s={search_term_string}"},"query-input":"required name=search_term_string"}],"inLanguage":"pt-BR"},{"@type":"WebPage","@id":"https:\/\/feiraecoenergy.com.br\/16\/en\/venue-and-date\/#webpage","url":"https:\/\/feiraecoenergy.com.br\/16\/en\/venue-and-date\/","name":"Venue and Date - Ecoenergy","isPartOf":{"@id":"https:\/\/feiraecoenergy.com.br\/16\/en\/#website"},"datePublished":"2015-05-19T13:50:17+00:00","dateModified":"2021-04-19T18:16:40+00:00","breadcrumb":{"@id":"https:\/\/feiraecoenergy.com.br\/16\/en\/venue-and-date\/#breadcrumb"},"inLanguage":"pt-BR","potentialAction":[{"@type":"ReadAction","target":["https:\/\/feiraecoenergy.com.br\/16\/en\/venue-and-date\/"]}]},{"@type":"BreadcrumbList","@id":"https:\/\/feiraecoenergy.com.br\/16\/en\/venue-and-date\/#breadcrumb","itemListElement":[{"@type":"ListItem","position":1,"name":"In\u00edcio","item":"https:\/\/feiraecoenergy.com.br\/16\/en\/"},{"@type":"ListItem","position":2,"name":"Venue and Date"}]}]}},"_links":{"self":[{"href":"https:\/\/feiraecoenergy.com.br\/16\/en\/wp-json\/wp\/v2\/pages\/37"}],"collection":[{"href":"https:\/\/feiraecoenergy.com.br\/16\/en\/wp-json\/wp\/v2\/pages"}],"about":[{"href":"https:\/\/feiraecoenergy.com.br\/16\/en\/wp-json\/wp\/v2\/types\/page"}],"author":[{"embeddable":true,"href":"https:\/\/feiraecoenergy.com.br\/16\/en\/wp-json\/wp\/v2\/users\/3"}],"replies":[{"embeddable":true,"href":"https:\/\/feiraecoenergy.com.br\/16\/en\/wp-json\/wp\/v2\/comments?post=37"}],"version-history":[{"count":20,"href":"https:\/\/feiraecoenergy.com.br\/16\/en\/wp-json\/wp\/v2\/pages\/37\/revisions"}],"predecessor-version":[{"id":2319,"href":"https:\/\/feiraecoenergy.com.br\/16\/en\/wp-json\/wp\/v2\/pages\/37\/revisions\/2319"}],"wp:attachment":[{"href":"https:\/\/feiraecoenergy.com.br\/16\/en\/wp-json\/wp\/v2\/media?parent=37"}],"curies":[{"name":"wp","href":"https:\/\/api.w.org\/{rel}","templated":true}]}}